{"id":33358,"date":"2022-06-30T10:34:42","date_gmt":"2022-06-30T08:34:42","guid":{"rendered":"https:\/\/stoves.eu\/over-stoves-2\/"},"modified":"2024-11-09T11:38:30","modified_gmt":"2024-11-09T10:38:30","slug":"a-propos-de-stoves","status":"publish","type":"page","link":"https:\/\/stoves.eu\/fr\/a-propos-de-stoves\/","title":{"rendered":"\u00c0 propos de Stoves"},"content":{"rendered":"<div id=\"pl-33358\"  class=\"panel-layout\" ><div id=\"pg-33358-0\"  class=\"panel-grid panel-has-style panel-has-overlay\" ><div class=\"siteorigin-panels-stretch panel-row-style panel-row-style-for-33358-0\" data-stretch-type=\"full-width-stretch\" >\t\t\t\t<div\n\t\t\t\t\tclass=\"panel-background-overlay\"\n\t\t\t\t\t\t\t\t\t\t\tstyle=\"background-color:#000000;background-image:url(https:\/\/stoves.eu\/wp-content\/uploads\/2022\/06\/shutterstock_1637303491_web.png);background-position:center center;background-size:cover;opacity:0.75;\"\n\t\t\t\t\t\t\t\t\t>\n\t\t\t\t\t\t\t\t\t<\/div>\n\t\t\t\t<div id=\"pgc-33358-0-0\"  class=\"panel-grid-cell\" ><div id=\"panel-33358-0-0-0\" class=\"so-panel widget widget_sow-headline panel-first-child panel-last-child\" data-index=\"0\" ><div\n\t\t\t\n\t\t\tclass=\"so-widget-sow-headline so-widget-sow-headline-default-a3dcefa12187-33358\"\n\t\t\t\n\t\t><div class=\"sow-headline-container \">\n\t\t\t\t\t\t\t<h2 class=\"sow-headline\">\n\t\t\t\t\t\t\u00c0 propos de Stoves\t\t\t\t\t\t<\/h2>\n\t\t\t\t\t\t\t\t\t\t\t<div class=\"decoration\">\n\t\t\t\t\t\t<div class=\"decoration-inside\"><\/div>\n\t\t\t\t\t<\/div>\n\t\t\t\t\t\t\t\t\t\t\t<h3 class=\"sow-sub-headline\">\n\t\t\t\t\t\tDE EERSTE EN DE BESTE, MADE IN BRITAIN\t\t\t\t\t\t<\/h3>\n\t\t\t\t\t\t<\/div>\n<\/div><\/div><\/div><\/div><\/div><div id=\"pg-33358-1\"  class=\"panel-grid panel-has-style\" ><div class=\"siteorigin-panels-stretch panel-row-style panel-row-style-for-33358-1\" data-stretch-type=\"full-width-stretch\" ><div id=\"pgc-33358-1-0\"  class=\"panel-grid-cell\" ><div id=\"panel-33358-1-0-0\" class=\"so-panel widget widget_sow-headline panel-first-child\" data-index=\"1\" ><div\n\t\t\t\n\t\t\tclass=\"so-widget-sow-headline so-widget-sow-headline-default-6580937bbeee-33358\"\n\t\t\t\n\t\t><div class=\"sow-headline-container \">\n\t\t\t\t\t\t\t<h2 class=\"sow-headline\">\n\t\t\t\t\t\tBienvenue \u00e0 Stoves.\u00a0The original.\t\t\t\t\t\t<\/h2>\n\t\t\t\t\t\t\t\t\t\t\t<div class=\"decoration\">\n\t\t\t\t\t\t<div class=\"decoration-inside\"><\/div>\n\t\t\t\t\t<\/div>\n\t\t\t\t\t<\/div>\n<\/div><\/div><div id=\"panel-33358-1-0-1\" class=\"so-panel widget widget_sow-editor\" data-index=\"2\" ><div\n\t\t\t\n\t\t\tclass=\"so-widget-sow-editor so-widget-sow-editor-base\"\n\t\t\t\n\t\t>\n<div class=\"siteorigin-widget-tinymce textwidget\">\n\t<p style=\"text-align: center;\">Stoves a une riche tradition d'entreprise familiale dans le nord de l'Angleterre, o\u00f9 elle a \u00e9t\u00e9 la premi\u00e8re \u00e0 fabriquer des cuisini\u00e8res. Aujourd'hui encore, les cuisini\u00e8res y sont fabriqu\u00e9es \u00e0 la main. Ce savoir-faire artisanal garantit que les produits Stoves sont d'une qualit\u00e9 exceptionnelle. C'est l'amour de l'artisanat et l'attention port\u00e9e \u00e0 chaque d\u00e9tail qui garantissent l'aspect et la qualit\u00e9 des cuisini\u00e8res Stoves.<\/p>\n<\/div>\n<\/div><\/div><div id=\"panel-33358-1-0-2\" class=\"so-panel widget widget_sow-image panel-last-child\" data-index=\"3\" ><div\n\t\t\t\n\t\t\tclass=\"so-widget-sow-image so-widget-sow-image-default-c67d20f9f743-33358\"\n\t\t\t\n\t\t>\n<div class=\"sow-image-container\">\n\t\t<img \n\tsrc=\"https:\/\/stoves.eu\/wp-content\/uploads\/2022\/06\/made-in-britain.png\" width=\"50\" height=\"72\" sizes=\"(max-width: 50px) 100vw, 50px\" alt=\"\" \t\tclass=\"so-widget-image\"\/>\n\t<\/div>\n\n<\/div><\/div><\/div><div id=\"pgc-33358-1-1\"  class=\"panel-grid-cell\" ><div id=\"panel-33358-1-1-0\" class=\"so-panel widget widget_sow-image panel-first-child panel-last-child\" data-index=\"4\" ><div\n\t\t\t\n\t\t\tclass=\"so-widget-sow-image so-widget-sow-image-default-c67d20f9f743-33358\"\n\t\t\t\n\t\t>\n<div class=\"sow-image-container\">\n\t\t<img \n\tsrc=\"https:\/\/stoves.eu\/wp-content\/uploads\/2022\/06\/shutterstock_1715730649_zw_web.png\" width=\"498\" height=\"520\" srcset=\"https:\/\/stoves.eu\/wp-content\/uploads\/2022\/06\/shutterstock_1715730649_zw_web.png 498w, https:\/\/stoves.eu\/wp-content\/uploads\/2022\/06\/shutterstock_1715730649_zw_web-287x300.png 287w\" sizes=\"(max-width: 498px) 100vw, 498px\" alt=\"\" \t\tclass=\"so-widget-image\"\/>\n\t<\/div>\n\n<\/div><\/div><\/div><\/div><\/div><div id=\"pg-33358-2\"  class=\"panel-grid panel-has-style\" ><div class=\"siteorigin-panels-stretch panel-row-style panel-row-style-for-33358-2\" data-stretch-type=\"full-width-stretch\" ><div id=\"pgc-33358-2-0\"  class=\"panel-grid-cell panel-grid-cell-mobile-last\" ><div class=\"panel-cell-style panel-cell-style-for-33358-2-0\" ><div id=\"panel-33358-2-0-0\" class=\"so-panel widget widget_sow-headline panel-first-child\" data-index=\"5\" ><div\n\t\t\t\n\t\t\tclass=\"so-widget-sow-headline so-widget-sow-headline-default-3a3a0f0d2fde-33358\"\n\t\t\t\n\t\t><div class=\"sow-headline-container \">\n\t\t\t\t\t\t\t<h2 class=\"sow-headline\">\n\t\t\t\t\t\tNotre recette: m\u00ealer la tradition \u00e0 l'innovation\t\t\t\t\t\t<\/h2>\n\t\t\t\t\t\t\t\t\t\t\t<div class=\"decoration\">\n\t\t\t\t\t\t<div class=\"decoration-inside\"><\/div>\n\t\t\t\t\t<\/div>\n\t\t\t\t\t<\/div>\n<\/div><\/div><div id=\"panel-33358-2-0-1\" class=\"so-panel widget widget_sow-editor panel-last-child\" data-index=\"6\" ><div\n\t\t\t\n\t\t\tclass=\"so-widget-sow-editor so-widget-sow-editor-base\"\n\t\t\t\n\t\t>\n<div class=\"siteorigin-widget-tinymce textwidget\">\n\t<p>&nbsp;<\/p>\n<p style=\"text-align: center;\">De l'artisanat et de l'amour du m\u00e9tier, avec le souci du d\u00e9tail. Fort de cette exp\u00e9rience, Stoves con\u00e7oit des cuisini\u00e8res avec une touche de charme britannique dans un cadre moderne. Les cuisini\u00e8res Stoves int\u00e8grent de nombreuses techniques et fonctionnalit\u00e9s innovantes. Une technologie qui est enti\u00e8rement au service d'un design accrocheur. Parce que la cuisine est la carte de visite de la bonne vie. Prendre le temps de se retrouver autour d'un bon repas et en bonne compagnie. Une cuisini\u00e8re Stoves permet d'obtenir les meilleurs r\u00e9sultats.<\/p>\n<\/div>\n<\/div><\/div><\/div><\/div><div id=\"pgc-33358-2-1\"  class=\"panel-grid-cell panel-grid-cell-empty\" ><\/div><\/div><\/div><div id=\"pg-33358-3\"  class=\"panel-grid panel-has-style\" ><div class=\"panel-row-style panel-row-style-for-33358-3\" ><div id=\"pgc-33358-3-0\"  class=\"panel-grid-cell\" ><div id=\"panel-33358-3-0-0\" class=\"so-panel widget widget_sow-headline panel-first-child\" data-index=\"7\" ><div\n\t\t\t\n\t\t\tclass=\"so-widget-sow-headline so-widget-sow-headline-default-f6bd6fbc2c8f-33358\"\n\t\t\t\n\t\t><div class=\"sow-headline-container \">\n\t\t\t\t\t\t\t<h1 class=\"sow-headline\">\n\t\t\t\t\t\tCe qui rend un Stoves si sp\u00e9cial ?\t\t\t\t\t\t<\/h1>\n\t\t\t\t\t\t\t\t\t\t\t<div class=\"decoration\">\n\t\t\t\t\t\t<div class=\"decoration-inside\"><\/div>\n\t\t\t\t\t<\/div>\n\t\t\t\t\t<\/div>\n<\/div><\/div><div id=\"panel-33358-3-0-1\" class=\"so-panel widget widget_sow-editor panel-last-child\" data-index=\"8\" ><div\n\t\t\t\n\t\t\tclass=\"so-widget-sow-editor so-widget-sow-editor-base\"\n\t\t\t\n\t\t>\n<div class=\"siteorigin-widget-tinymce textwidget\">\n\t<p>&nbsp;<\/p>\n<p style=\"text-align: center;\">D\u00e9couvrez la sensation des mat\u00e9riaux utilis\u00e9s. Dans les moindres d\u00e9tails, le mot solide d\u00e9crit le mieux une cuisini\u00e8re Stoves. Tournez les boutons et constatez par vous-m\u00eame la solidit\u00e9 de la cuisini\u00e8re. Ou soulevez les supports de casseroles. Sentez le poids et la qualit\u00e9 du mat\u00e9riau. Appr\u00e9ciez les diff\u00e9rents types de fours et laissez-vous inspirer par les techniques ing\u00e9nieuses. Des techniques qui vous permettent de recevoir de nombreux compliments sur des plats d\u00e9licieux. Constatez par vous-m\u00eame qu'une cuisini\u00e8re Stoves est indispensable si vous aimez cuisiner. Une cuisini\u00e8re Stoves est la somme d'un design \u00e9l\u00e9gant et de la technologie. Le c\u0153ur de votre cuisine. L'endroit o\u00f9 vous aimez rencontrer et recevoir vos amis et votre famille.<\/p>\n<\/div>\n<\/div><\/div><\/div><div id=\"pgc-33358-3-1\"  class=\"panel-grid-cell\" ><div id=\"panel-33358-3-1-0\" class=\"so-panel widget widget_sow-image panel-first-child panel-last-child\" data-index=\"9\" ><div\n\t\t\t\n\t\t\tclass=\"so-widget-sow-image so-widget-sow-image-default-8b5b6f678277-33358\"\n\t\t\t\n\t\t>\n<div class=\"sow-image-container\">\n\t\t<img \n\tsrc=\"https:\/\/stoves.eu\/wp-content\/uploads\/2022\/06\/gd1016_web.png\" width=\"498\" height=\"610\" srcset=\"https:\/\/stoves.eu\/wp-content\/uploads\/2022\/06\/gd1016_web.png 498w, https:\/\/stoves.eu\/wp-content\/uploads\/2022\/06\/gd1016_web-245x300.png 245w\" sizes=\"(max-width: 498px) 100vw, 498px\" alt=\"\" \t\tclass=\"so-widget-image\"\/>\n\t<\/div>\n\n<\/div><\/div><\/div><\/div><\/div><div id=\"pg-33358-4\"  class=\"panel-grid panel-has-style\" ><div class=\"siteorigin-panels-stretch panel-row-style panel-row-style-for-33358-4\" data-stretch-type=\"full-width-stretch\" ><div id=\"pgc-33358-4-0\"  class=\"panel-grid-cell panel-grid-cell-empty\" ><div class=\"panel-cell-style panel-cell-style-for-33358-4-0\" ><\/div><\/div><div id=\"pgc-33358-4-1\"  class=\"panel-grid-cell\" ><div class=\"panel-cell-style panel-cell-style-for-33358-4-1\" ><div id=\"panel-33358-4-1-0\" class=\"so-panel widget widget_sow-headline panel-first-child\" data-index=\"10\" ><div\n\t\t\t\n\t\t\tclass=\"so-widget-sow-headline so-widget-sow-headline-default-f6bd6fbc2c8f-33358\"\n\t\t\t\n\t\t><div class=\"sow-headline-container \">\n\t\t\t\t\t\t\t<h1 class=\"sow-headline\">\n\t\t\t\t\t\tVoyez et exp\u00e9rimentez par vous-m\u00eame?\t\t\t\t\t\t<\/h1>\n\t\t\t\t\t\t\t\t\t\t\t<div class=\"decoration\">\n\t\t\t\t\t\t<div class=\"decoration-inside\"><\/div>\n\t\t\t\t\t<\/div>\n\t\t\t\t\t<\/div>\n<\/div><\/div><div id=\"panel-33358-4-1-1\" class=\"so-panel widget widget_sow-editor\" data-index=\"11\" ><div class=\"panel-widget-style panel-widget-style-for-33358-4-1-1\" ><div\n\t\t\t\n\t\t\tclass=\"so-widget-sow-editor so-widget-sow-editor-base\"\n\t\t\t\n\t\t>\n<div class=\"siteorigin-widget-tinymce textwidget\">\n\t<p>&nbsp;<\/p>\n<p style=\"text-align: center;\">Stoves a une riche tradition en tant qu'entreprise familiale dans le nord de l'Angleterre. Aujourd'hui encore, les cuisini\u00e8res sont fabriqu\u00e9es \u00e0 la main. Ce savoir-faire artisanal garantit la qualit\u00e9 exceptionnelle des produits Stoves. C'est l'amour de l'artisanat et le souci du d\u00e9tail qui garantissent l'aspect et la qualit\u00e9 des cuisini\u00e8res Stoves. Apr\u00e8s tout, une cuisine est une carte de visite de la bonne vie. On y passe beaucoup de temps \u00e0 savourer les repas les plus savoureux et, bien s\u00fbr, \u00e0 \u00eatre en compagnie d'autres personnes.<\/p>\n<\/div>\n<\/div><\/div><\/div><div id=\"panel-33358-4-1-2\" class=\"so-panel widget widget_sow-button panel-last-child\" data-index=\"12\" ><div\n\t\t\t\n\t\t\tclass=\"so-widget-sow-button so-widget-sow-button-flat-656a8be8ae7e-33358\"\n\t\t\t\n\t\t><div class=\"ow-button-base ow-button-align-right\"\n>\n\t\t\t<a\n\t\t\t\t\thref=\"https:\/\/stoves.eu\/klantenservice\/contact\/\"\n\t\t\t\t\tclass=\"sowb-button ow-icon-placement-left ow-button-hover\" \t>\n\t\t<span>\n\t\t\t\n\t\t\tprendre un rendez-vous\t\t<\/span>\n\t\t\t<\/a>\n\t<\/div>\n<\/div><\/div><\/div><\/div><\/div><\/div><div id=\"pg-33358-5\"  class=\"panel-grid panel-has-style\" ><div class=\"panel-row-style panel-row-style-for-33358-5\" ><div id=\"pgc-33358-5-0\"  class=\"panel-grid-cell\" ><div id=\"panel-33358-5-0-0\" class=\"so-panel widget widget_sow-headline panel-first-child\" data-index=\"13\" ><div\n\t\t\t\n\t\t\tclass=\"so-widget-sow-headline so-widget-sow-headline-default-0ebb7dfbbc0d-33358\"\n\t\t\t\n\t\t><div class=\"sow-headline-container \">\n\t\t\t\t\t\t\t<h1 class=\"sow-headline\">\n\t\t\t\t\t\tEn savoir plus  sur Stoves? \t\t\t\t\t\t<\/h1>\n\t\t\t\t\t\t\t\t\t\t\t<div class=\"decoration\">\n\t\t\t\t\t\t<div class=\"decoration-inside\"><\/div>\n\t\t\t\t\t<\/div>\n\t\t\t\t\t<\/div>\n<\/div><\/div><div id=\"panel-33358-5-0-1\" class=\"so-panel widget widget_sow-editor\" data-index=\"14\" ><div\n\t\t\t\n\t\t\tclass=\"so-widget-sow-editor so-widget-sow-editor-base\"\n\t\t\t\n\t\t>\n<div class=\"siteorigin-widget-tinymce textwidget\">\n\t<p>&nbsp;<\/p>\n<p style=\"text-align: center;\">Qualit\u00e9. Faire une d\u00e9claration. C'est cela Stoves. Laissez-vous inspirer et informez-vous sur la derni\u00e8re collection Stoves. Prenez plaisir \u00e0 lire et \u00e0 regarder. Vous avez des questions ? N'h\u00e9sitez pas \u00e0 nous en faire part.<\/p>\n<\/div>\n<\/div><\/div><div id=\"panel-33358-5-0-2\" class=\"so-panel widget widget_sow-button panel-last-child\" data-index=\"15\" ><div\n\t\t\t\n\t\t\tclass=\"so-widget-sow-button so-widget-sow-button-flat-656a8be8ae7e-33358\"\n\t\t\t\n\t\t><div class=\"ow-button-base ow-button-align-right\"\n>\n\t\t\t<a\n\t\t\t\t\thref=\"https:\/\/stoves.eu\/fr\/service-clients\/\"\n\t\t\t\t\tclass=\"sowb-button ow-icon-placement-left ow-button-hover\" \t>\n\t\t<span>\n\t\t\t\n\t\t\tFoire aux questions\t\t<\/span>\n\t\t\t<\/a>\n\t<\/div>\n<\/div><\/div><\/div><div id=\"pgc-33358-5-1\"  class=\"panel-grid-cell\" ><div id=\"panel-33358-5-1-0\" class=\"so-panel widget widget_sow-image panel-first-child panel-last-child\" data-index=\"16\" ><div class=\"panel-widget-style panel-widget-style-for-33358-5-1-0\" ><div\n\t\t\t\n\t\t\tclass=\"so-widget-sow-image so-widget-sow-image-default-c67d20f9f743-33358\"\n\t\t\t\n\t\t>\n<div class=\"sow-image-container\">\n\t\t<img \n\tsrc=\"https:\/\/stoves.eu\/wp-content\/uploads\/2022\/06\/group-57-1.png\" width=\"395\" height=\"374\" srcset=\"https:\/\/stoves.eu\/wp-content\/uploads\/2022\/06\/group-57-1.png 395w, https:\/\/stoves.eu\/wp-content\/uploads\/2022\/06\/group-57-1-300x284.png 300w\" sizes=\"(max-width: 395px) 100vw, 395px\" alt=\"\" \t\tclass=\"so-widget-image\"\/>\n\t<\/div>\n\n<\/div><\/div><\/div><\/div><\/div><\/div><div id=\"pg-33358-6\"  class=\"panel-grid panel-has-style\" ><div class=\"siteorigin-panels-stretch panel-row-style panel-row-style-for-33358-6\" data-stretch-type=\"full\" ><div id=\"pgc-33358-6-0\"  class=\"panel-grid-cell\" ><div id=\"panel-33358-6-0-0\" class=\"so-panel widget widget_sow-image panel-first-child panel-last-child\" data-index=\"17\" ><div class=\"panel-widget-style panel-widget-style-for-33358-6-0-0\" ><div\n\t\t\t\n\t\t\tclass=\"so-widget-sow-image so-widget-sow-image-default-c67d20f9f743-33358\"\n\t\t\t\n\t\t>\n<div class=\"sow-image-container\">\n\t\t<img \n\tsrc=\"https:\/\/stoves.eu\/wp-content\/uploads\/2022\/06\/group-57.png\" width=\"412\" height=\"533\" srcset=\"https:\/\/stoves.eu\/wp-content\/uploads\/2022\/06\/group-57.png 412w, https:\/\/stoves.eu\/wp-content\/uploads\/2022\/06\/group-57-232x300.png 232w\" sizes=\"(max-width: 412px) 100vw, 412px\" alt=\"\" \t\tclass=\"so-widget-image\"\/>\n\t<\/div>\n\n<\/div><\/div><\/div><\/div><div id=\"pgc-33358-6-1\"  class=\"panel-grid-cell\" ><div id=\"panel-33358-6-1-0\" class=\"so-panel widget widget_sow-headline panel-first-child\" data-index=\"18\" ><div\n\t\t\t\n\t\t\tclass=\"so-widget-sow-headline so-widget-sow-headline-default-f37f271f1ef4-33358\"\n\t\t\t\n\t\t><div class=\"sow-headline-container \">\n\t\t\t\t\t\t\t<h1 class=\"sow-headline\">\n\t\t\t\t\t\tStoves brochure 2024\t\t\t\t\t\t<\/h1>\n\t\t\t\t\t\t<\/div>\n<\/div><\/div><div id=\"panel-33358-6-1-1\" class=\"so-panel widget widget_sow-editor\" data-index=\"19\" ><div\n\t\t\t\n\t\t\tclass=\"so-widget-sow-editor so-widget-sow-editor-base\"\n\t\t\t\n\t\t>\n<div class=\"siteorigin-widget-tinymce textwidget\">\n\t<p>Qualit\u00e9. Faire une d\u00e9claration. C'est cela Stoves. Laissez-vous inspirer et informez-vous sur la derni\u00e8re collection Stoves. Prenez plaisir \u00e0 lire et \u00e0 regarder. Vous avez des questions ? N'h\u00e9sitez pas \u00e0 nous en faire part.<\/p>\n<\/div>\n<\/div><\/div><div id=\"panel-33358-6-1-2\" class=\"so-panel widget widget_sow-button panel-last-child\" data-index=\"20\" ><div class=\"buttonzwarttransparant panel-widget-style panel-widget-style-for-33358-6-1-2\" ><div\n\t\t\t\n\t\t\tclass=\"so-widget-sow-button so-widget-sow-button-flat-7db0bb81354b-33358\"\n\t\t\t\n\t\t><div class=\"ow-button-base ow-button-align-left\"\n>\n\t\t\t<a\n\t\t\t\t\thref=\"https:\/\/stoves.eu\/klantenservice\/brochure\/\"\n\t\t\t\t\tclass=\"sowb-button ow-icon-placement-left ow-button-hover\" \t>\n\t\t<span>\n\t\t\t\n\t\t\tVoir la brochure\t\t<\/span>\n\t\t\t<\/a>\n\t<\/div>\n<\/div><\/div><\/div><\/div><\/div><\/div><\/div>","protected":false},"excerpt":{"rendered":"<p>Stoves a une riche tradition d&rsquo;entreprise familiale dans le nord de l&rsquo;Angleterre, o\u00f9 elle a \u00e9t\u00e9 la premi\u00e8re \u00e0 fabriquer des cuisini\u00e8res. Aujourd&rsquo;hui encore, les cuisini\u00e8res y sont fabriqu\u00e9es \u00e0 la main. Ce savoir-faire artisanal garantit que les produits Stoves sont d&rsquo;une qualit\u00e9 exceptionnelle. C&rsquo;est l&rsquo;amour de l&rsquo;artisanat et l&rsquo;attention port\u00e9e \u00e0 chaque d\u00e9tail qui [&hellip;]<\/p>\n","protected":false},"author":17,"featured_media":0,"parent":0,"menu_order":0,"comment_status":"closed","ping_status":"closed","template":"","meta":{"_acf_changed":false,"footnotes":""},"class_list":["post-33358","page","type-page","status-publish","hentry"],"acf":[],"yoast_head":"<!-- This site is optimized with the Yoast SEO plugin v27.5 - https:\/\/yoast.com\/product\/yoast-seo-wordpress\/ -->\n<title>\u00c0 propos de Stoves | Stoves<\/title>\n<meta name=\"robots\" content=\"index, follow, max-snippet:-1, max-image-preview:large, max-video-preview:-1\" \/>\n<link rel=\"canonical\" href=\"https:\/\/stoves.eu\/fr\/a-propos-de-stoves\/\" \/>\n<meta property=\"og:locale\" content=\"fr_FR\" \/>\n<meta property=\"og:type\" content=\"article\" \/>\n<meta property=\"og:title\" content=\"\u00c0 propos de Stoves | Stoves\" \/>\n<meta property=\"og:description\" content=\"Stoves a une riche tradition d&#039;entreprise familiale dans le nord de l&#039;Angleterre, o\u00f9 elle a \u00e9t\u00e9 la premi\u00e8re \u00e0 fabriquer des cuisini\u00e8res. Aujourd&#039;hui encore, les cuisini\u00e8res y sont fabriqu\u00e9es \u00e0 la main. Ce savoir-faire artisanal garantit que les produits Stoves sont d&#039;une qualit\u00e9 exceptionnelle. C&#039;est l&#039;amour de l&#039;artisanat et l&#039;attention port\u00e9e \u00e0 chaque d\u00e9tail qui [&hellip;]\" \/>\n<meta property=\"og:url\" content=\"https:\/\/stoves.eu\/fr\/a-propos-de-stoves\/\" \/>\n<meta property=\"og:site_name\" content=\"Stoves\" \/>\n<meta property=\"article:modified_time\" content=\"2024-11-09T10:38:30+00:00\" \/>\n<meta name=\"twitter:card\" content=\"summary_large_image\" \/>\n<meta name=\"twitter:label1\" content=\"Dur\u00e9e de lecture estim\u00e9e\" \/>\n\t<meta name=\"twitter:data1\" content=\"4 minutes\" \/>\n<script type=\"application\/ld+json\" class=\"yoast-schema-graph\">{\"@context\":\"https:\\\/\\\/schema.org\",\"@graph\":[{\"@type\":\"WebPage\",\"@id\":\"https:\\\/\\\/stoves.eu\\\/fr\\\/a-propos-de-stoves\\\/\",\"url\":\"https:\\\/\\\/stoves.eu\\\/fr\\\/a-propos-de-stoves\\\/\",\"name\":\"\u00c0 propos de Stoves | Stoves\",\"isPartOf\":{\"@id\":\"https:\\\/\\\/stoves.eu\\\/#website\"},\"datePublished\":\"2022-06-30T08:34:42+00:00\",\"dateModified\":\"2024-11-09T10:38:30+00:00\",\"breadcrumb\":{\"@id\":\"https:\\\/\\\/stoves.eu\\\/fr\\\/a-propos-de-stoves\\\/#breadcrumb\"},\"inLanguage\":\"fr-FR\",\"potentialAction\":[{\"@type\":\"ReadAction\",\"target\":[\"https:\\\/\\\/stoves.eu\\\/fr\\\/a-propos-de-stoves\\\/\"]}]},{\"@type\":\"BreadcrumbList\",\"@id\":\"https:\\\/\\\/stoves.eu\\\/fr\\\/a-propos-de-stoves\\\/#breadcrumb\",\"itemListElement\":[{\"@type\":\"ListItem\",\"position\":1,\"name\":\"Home\",\"item\":\"https:\\\/\\\/stoves.eu\\\/fr\\\/home-fr\\\/\"},{\"@type\":\"ListItem\",\"position\":2,\"name\":\"\u00c0 propos de Stoves\"}]},{\"@type\":\"WebSite\",\"@id\":\"https:\\\/\\\/stoves.eu\\\/#website\",\"url\":\"https:\\\/\\\/stoves.eu\\\/\",\"name\":\"Stoves\",\"description\":\"Quality cooking since 1920\",\"publisher\":{\"@id\":\"https:\\\/\\\/stoves.eu\\\/#organization\"},\"potentialAction\":[{\"@type\":\"SearchAction\",\"target\":{\"@type\":\"EntryPoint\",\"urlTemplate\":\"https:\\\/\\\/stoves.eu\\\/?s={search_term_string}\"},\"query-input\":{\"@type\":\"PropertyValueSpecification\",\"valueRequired\":true,\"valueName\":\"search_term_string\"}}],\"inLanguage\":\"fr-FR\"},{\"@type\":\"Organization\",\"@id\":\"https:\\\/\\\/stoves.eu\\\/#organization\",\"name\":\"Stoves\",\"url\":\"https:\\\/\\\/stoves.eu\\\/\",\"logo\":{\"@type\":\"ImageObject\",\"inLanguage\":\"fr-FR\",\"@id\":\"https:\\\/\\\/stoves.eu\\\/#\\\/schema\\\/logo\\\/image\\\/\",\"url\":\"https:\\\/\\\/stoves.eu\\\/wp-content\\\/uploads\\\/2019\\\/10\\\/stoves_logo_cmyk_342x138px.jpg\",\"contentUrl\":\"https:\\\/\\\/stoves.eu\\\/wp-content\\\/uploads\\\/2019\\\/10\\\/stoves_logo_cmyk_342x138px.jpg\",\"width\":342,\"height\":138,\"caption\":\"Stoves\"},\"image\":{\"@id\":\"https:\\\/\\\/stoves.eu\\\/#\\\/schema\\\/logo\\\/image\\\/\"}}]}<\/script>\n<!-- \/ Yoast SEO plugin. -->","yoast_head_json":{"title":"\u00c0 propos de Stoves | Stoves","robots":{"index":"index","follow":"follow","max-snippet":"max-snippet:-1","max-image-preview":"max-image-preview:large","max-video-preview":"max-video-preview:-1"},"canonical":"https:\/\/stoves.eu\/fr\/a-propos-de-stoves\/","og_locale":"fr_FR","og_type":"article","og_title":"\u00c0 propos de Stoves | Stoves","og_description":"Stoves a une riche tradition d'entreprise familiale dans le nord de l'Angleterre, o\u00f9 elle a \u00e9t\u00e9 la premi\u00e8re \u00e0 fabriquer des cuisini\u00e8res. Aujourd'hui encore, les cuisini\u00e8res y sont fabriqu\u00e9es \u00e0 la main. Ce savoir-faire artisanal garantit que les produits Stoves sont d'une qualit\u00e9 exceptionnelle. C'est l'amour de l'artisanat et l'attention port\u00e9e \u00e0 chaque d\u00e9tail qui [&hellip;]","og_url":"https:\/\/stoves.eu\/fr\/a-propos-de-stoves\/","og_site_name":"Stoves","article_modified_time":"2024-11-09T10:38:30+00:00","twitter_card":"summary_large_image","twitter_misc":{"Dur\u00e9e de lecture estim\u00e9e":"4 minutes"},"schema":{"@context":"https:\/\/schema.org","@graph":[{"@type":"WebPage","@id":"https:\/\/stoves.eu\/fr\/a-propos-de-stoves\/","url":"https:\/\/stoves.eu\/fr\/a-propos-de-stoves\/","name":"\u00c0 propos de Stoves | Stoves","isPartOf":{"@id":"https:\/\/stoves.eu\/#website"},"datePublished":"2022-06-30T08:34:42+00:00","dateModified":"2024-11-09T10:38:30+00:00","breadcrumb":{"@id":"https:\/\/stoves.eu\/fr\/a-propos-de-stoves\/#breadcrumb"},"inLanguage":"fr-FR","potentialAction":[{"@type":"ReadAction","target":["https:\/\/stoves.eu\/fr\/a-propos-de-stoves\/"]}]},{"@type":"BreadcrumbList","@id":"https:\/\/stoves.eu\/fr\/a-propos-de-stoves\/#breadcrumb","itemListElement":[{"@type":"ListItem","position":1,"name":"Home","item":"https:\/\/stoves.eu\/fr\/home-fr\/"},{"@type":"ListItem","position":2,"name":"\u00c0 propos de Stoves"}]},{"@type":"WebSite","@id":"https:\/\/stoves.eu\/#website","url":"https:\/\/stoves.eu\/","name":"Stoves","description":"Quality cooking since 1920","publisher":{"@id":"https:\/\/stoves.eu\/#organization"},"potentialAction":[{"@type":"SearchAction","target":{"@type":"EntryPoint","urlTemplate":"https:\/\/stoves.eu\/?s={search_term_string}"},"query-input":{"@type":"PropertyValueSpecification","valueRequired":true,"valueName":"search_term_string"}}],"inLanguage":"fr-FR"},{"@type":"Organization","@id":"https:\/\/stoves.eu\/#organization","name":"Stoves","url":"https:\/\/stoves.eu\/","logo":{"@type":"ImageObject","inLanguage":"fr-FR","@id":"https:\/\/stoves.eu\/#\/schema\/logo\/image\/","url":"https:\/\/stoves.eu\/wp-content\/uploads\/2019\/10\/stoves_logo_cmyk_342x138px.jpg","contentUrl":"https:\/\/stoves.eu\/wp-content\/uploads\/2019\/10\/stoves_logo_cmyk_342x138px.jpg","width":342,"height":138,"caption":"Stoves"},"image":{"@id":"https:\/\/stoves.eu\/#\/schema\/logo\/image\/"}}]}},"_links":{"self":[{"href":"https:\/\/stoves.eu\/fr\/wp-json\/wp\/v2\/pages\/33358","targetHints":{"allow":["GET"]}}],"collection":[{"href":"https:\/\/stoves.eu\/fr\/wp-json\/wp\/v2\/pages"}],"about":[{"href":"https:\/\/stoves.eu\/fr\/wp-json\/wp\/v2\/types\/page"}],"author":[{"embeddable":true,"href":"https:\/\/stoves.eu\/fr\/wp-json\/wp\/v2\/users\/17"}],"replies":[{"embeddable":true,"href":"https:\/\/stoves.eu\/fr\/wp-json\/wp\/v2\/comments?post=33358"}],"version-history":[{"count":0,"href":"https:\/\/stoves.eu\/fr\/wp-json\/wp\/v2\/pages\/33358\/revisions"}],"wp:attachment":[{"href":"https:\/\/stoves.eu\/fr\/wp-json\/wp\/v2\/media?parent=33358"}],"curies":[{"name":"wp","href":"https:\/\/api.w.org\/{rel}","templated":true}]}}